{"id":44,"date":"2022-09-09T23:13:52","date_gmt":"2022-09-09T23:13:52","guid":{"rendered":"https:\/\/widjeskogahlman.se\/?page_id=44"},"modified":"2024-02-15T23:25:22","modified_gmt":"2024-02-15T22:25:22","slug":"kontakt","status":"publish","type":"page","link":"https:\/\/widjeskogahlman.se\/en\/kontakt\/","title":{"rendered":"Contact"},"content":{"rendered":"<h3 class=\"wp-block-heading\"><em>Do you wish to contact me?<\/em><\/h3>\n\n\n\n<p>Do you have questions or would you like to book a consultation? Contact me via email:<\/p>\n\n\n\n<h3 class=\"wp-block-heading\">info@widjeskogahlman.se <\/h3>","protected":false},"excerpt":{"rendered":"<p>Vill du kontakta mig? Har du fr\u00e5gor eller \u00f6nskar du att boka en konsultation? Kontakta mig via mail: info@widjeskogahlman.se<\/p>","protected":false},"author":1,"featured_media":0,"parent":0,"menu_order":0,"comment_status":"closed","ping_status":"closed","template":"","meta":{"footnotes":""},"class_list":["post-44","page","type-page","status-publish","hentry"],"yoast_head":"<!-- This site is optimized with the Yoast SEO plugin v27.4 - https:\/\/yoast.com\/product\/yoast-seo-wordpress\/ -->\n<title>Kontakt - Theresa W. Ahlman<\/title>\n<meta name=\"description\" content=\"Beh\u00f6ver du f\u00e5 ordning och reda i hemmet eller p\u00e5 arbetsplatsen? Kontakta mig f\u00f6r en konsultation ang\u00e5ende rensning, sortering &amp; organisering!\" \/>\n<meta name=\"robots\" content=\"index, follow, max-snippet:-1, max-image-preview:large, max-video-preview:-1\" \/>\n<link rel=\"canonical\" href=\"https:\/\/widjeskogahlman.se\/en\/kontakt\/\" \/>\n<meta property=\"og:locale\" content=\"en_US\" \/>\n<meta property=\"og:type\" content=\"article\" \/>\n<meta property=\"og:title\" content=\"Kontakt - Theresa W. Ahlman\" \/>\n<meta property=\"og:description\" content=\"Beh\u00f6ver du f\u00e5 ordning och reda i hemmet eller p\u00e5 arbetsplatsen? Kontakta mig f\u00f6r en konsultation ang\u00e5ende rensning, sortering &amp; organisering!\" \/>\n<meta property=\"og:url\" content=\"https:\/\/widjeskogahlman.se\/en\/kontakt\/\" \/>\n<meta property=\"og:site_name\" content=\"Theresa W. Ahlman\" \/>\n<meta property=\"article:modified_time\" content=\"2024-02-15T22:25:22+00:00\" \/>\n<meta name=\"twitter:card\" content=\"summary_large_image\" \/>\n<meta name=\"twitter:label1\" content=\"Est. reading time\" \/>\n\t<meta name=\"twitter:data1\" content=\"1 minute\" \/>\n<script type=\"application\/ld+json\" class=\"yoast-schema-graph\">{\"@context\":\"https:\\\/\\\/schema.org\",\"@graph\":[{\"@type\":\"WebPage\",\"@id\":\"https:\\\/\\\/widjeskogahlman.se\\\/kontakt\\\/\",\"url\":\"https:\\\/\\\/widjeskogahlman.se\\\/kontakt\\\/\",\"name\":\"Kontakt - Theresa W. Ahlman\",\"isPartOf\":{\"@id\":\"https:\\\/\\\/widjeskogahlman.se\\\/#website\"},\"datePublished\":\"2022-09-09T23:13:52+00:00\",\"dateModified\":\"2024-02-15T22:25:22+00:00\",\"description\":\"Beh\u00f6ver du f\u00e5 ordning och reda i hemmet eller p\u00e5 arbetsplatsen? Kontakta mig f\u00f6r en konsultation ang\u00e5ende rensning, sortering & organisering!\",\"breadcrumb\":{\"@id\":\"https:\\\/\\\/widjeskogahlman.se\\\/kontakt\\\/#breadcrumb\"},\"inLanguage\":\"en-US\",\"potentialAction\":[{\"@type\":\"ReadAction\",\"target\":[\"https:\\\/\\\/widjeskogahlman.se\\\/kontakt\\\/\"]}]},{\"@type\":\"BreadcrumbList\",\"@id\":\"https:\\\/\\\/widjeskogahlman.se\\\/kontakt\\\/#breadcrumb\",\"itemListElement\":[{\"@type\":\"ListItem\",\"position\":1,\"name\":\"Hem\",\"item\":\"https:\\\/\\\/widjeskogahlman.se\\\/\"},{\"@type\":\"ListItem\",\"position\":2,\"name\":\"Kontakt\"}]},{\"@type\":\"WebSite\",\"@id\":\"https:\\\/\\\/widjeskogahlman.se\\\/#website\",\"url\":\"https:\\\/\\\/widjeskogahlman.se\\\/\",\"name\":\"Theresa W. Ahlman\",\"description\":\"Simple living i hj\u00e4rtat av V\u00e4rmland\",\"publisher\":{\"@id\":\"https:\\\/\\\/widjeskogahlman.se\\\/#organization\"},\"potentialAction\":[{\"@type\":\"SearchAction\",\"target\":{\"@type\":\"EntryPoint\",\"urlTemplate\":\"https:\\\/\\\/widjeskogahlman.se\\\/?s={search_term_string}\"},\"query-input\":{\"@type\":\"PropertyValueSpecification\",\"valueRequired\":true,\"valueName\":\"search_term_string\"}}],\"inLanguage\":\"en-US\"},{\"@type\":\"Organization\",\"@id\":\"https:\\\/\\\/widjeskogahlman.se\\\/#organization\",\"name\":\"Theresa W. Ahlman\",\"url\":\"https:\\\/\\\/widjeskogahlman.se\\\/\",\"logo\":{\"@type\":\"ImageObject\",\"inLanguage\":\"en-US\",\"@id\":\"https:\\\/\\\/widjeskogahlman.se\\\/#\\\/schema\\\/logo\\\/image\\\/\",\"url\":\"https:\\\/\\\/widjeskogahlman.se\\\/wp-content\\\/uploads\\\/2024\\\/02\\\/cropped-twa-2-1.png\",\"contentUrl\":\"https:\\\/\\\/widjeskogahlman.se\\\/wp-content\\\/uploads\\\/2024\\\/02\\\/cropped-twa-2-1.png\",\"width\":500,\"height\":500,\"caption\":\"Theresa W. Ahlman\"},\"image\":{\"@id\":\"https:\\\/\\\/widjeskogahlman.se\\\/#\\\/schema\\\/logo\\\/image\\\/\"}}]}<\/script>\n<!-- \/ Yoast SEO plugin. -->","yoast_head_json":{"title":"Kontakt - Theresa W. Ahlman","description":"Beh\u00f6ver du f\u00e5 ordning och reda i hemmet eller p\u00e5 arbetsplatsen? Kontakta mig f\u00f6r en konsultation ang\u00e5ende rensning, sortering & organisering!","robots":{"index":"index","follow":"follow","max-snippet":"max-snippet:-1","max-image-preview":"max-image-preview:large","max-video-preview":"max-video-preview:-1"},"canonical":"https:\/\/widjeskogahlman.se\/en\/kontakt\/","og_locale":"en_US","og_type":"article","og_title":"Kontakt - Theresa W. Ahlman","og_description":"Beh\u00f6ver du f\u00e5 ordning och reda i hemmet eller p\u00e5 arbetsplatsen? Kontakta mig f\u00f6r en konsultation ang\u00e5ende rensning, sortering & organisering!","og_url":"https:\/\/widjeskogahlman.se\/en\/kontakt\/","og_site_name":"Theresa W. Ahlman","article_modified_time":"2024-02-15T22:25:22+00:00","twitter_card":"summary_large_image","twitter_misc":{"Est. reading time":"1 minute"},"schema":{"@context":"https:\/\/schema.org","@graph":[{"@type":"WebPage","@id":"https:\/\/widjeskogahlman.se\/kontakt\/","url":"https:\/\/widjeskogahlman.se\/kontakt\/","name":"Kontakt - Theresa W. Ahlman","isPartOf":{"@id":"https:\/\/widjeskogahlman.se\/#website"},"datePublished":"2022-09-09T23:13:52+00:00","dateModified":"2024-02-15T22:25:22+00:00","description":"Beh\u00f6ver du f\u00e5 ordning och reda i hemmet eller p\u00e5 arbetsplatsen? Kontakta mig f\u00f6r en konsultation ang\u00e5ende rensning, sortering & organisering!","breadcrumb":{"@id":"https:\/\/widjeskogahlman.se\/kontakt\/#breadcrumb"},"inLanguage":"en-US","potentialAction":[{"@type":"ReadAction","target":["https:\/\/widjeskogahlman.se\/kontakt\/"]}]},{"@type":"BreadcrumbList","@id":"https:\/\/widjeskogahlman.se\/kontakt\/#breadcrumb","itemListElement":[{"@type":"ListItem","position":1,"name":"Hem","item":"https:\/\/widjeskogahlman.se\/"},{"@type":"ListItem","position":2,"name":"Kontakt"}]},{"@type":"WebSite","@id":"https:\/\/widjeskogahlman.se\/#website","url":"https:\/\/widjeskogahlman.se\/","name":"Theresa W. Ahlman","description":"Simple living i hj\u00e4rtat av V\u00e4rmland","publisher":{"@id":"https:\/\/widjeskogahlman.se\/#organization"},"potentialAction":[{"@type":"SearchAction","target":{"@type":"EntryPoint","urlTemplate":"https:\/\/widjeskogahlman.se\/?s={search_term_string}"},"query-input":{"@type":"PropertyValueSpecification","valueRequired":true,"valueName":"search_term_string"}}],"inLanguage":"en-US"},{"@type":"Organization","@id":"https:\/\/widjeskogahlman.se\/#organization","name":"Theresa W. Ahlman","url":"https:\/\/widjeskogahlman.se\/","logo":{"@type":"ImageObject","inLanguage":"en-US","@id":"https:\/\/widjeskogahlman.se\/#\/schema\/logo\/image\/","url":"https:\/\/widjeskogahlman.se\/wp-content\/uploads\/2024\/02\/cropped-twa-2-1.png","contentUrl":"https:\/\/widjeskogahlman.se\/wp-content\/uploads\/2024\/02\/cropped-twa-2-1.png","width":500,"height":500,"caption":"Theresa W. Ahlman"},"image":{"@id":"https:\/\/widjeskogahlman.se\/#\/schema\/logo\/image\/"}}]}},"_links":{"self":[{"href":"https:\/\/widjeskogahlman.se\/en\/wp-json\/wp\/v2\/pages\/44","targetHints":{"allow":["GET"]}}],"collection":[{"href":"https:\/\/widjeskogahlman.se\/en\/wp-json\/wp\/v2\/pages"}],"about":[{"href":"https:\/\/widjeskogahlman.se\/en\/wp-json\/wp\/v2\/types\/page"}],"author":[{"embeddable":true,"href":"https:\/\/widjeskogahlman.se\/en\/wp-json\/wp\/v2\/users\/1"}],"replies":[{"embeddable":true,"href":"https:\/\/widjeskogahlman.se\/en\/wp-json\/wp\/v2\/comments?post=44"}],"version-history":[{"count":8,"href":"https:\/\/widjeskogahlman.se\/en\/wp-json\/wp\/v2\/pages\/44\/revisions"}],"predecessor-version":[{"id":6035,"href":"https:\/\/widjeskogahlman.se\/en\/wp-json\/wp\/v2\/pages\/44\/revisions\/6035"}],"wp:attachment":[{"href":"https:\/\/widjeskogahlman.se\/en\/wp-json\/wp\/v2\/media?parent=44"}],"curies":[{"name":"wp","href":"https:\/\/api.w.org\/{rel}","templated":true}]}}