{"id":511,"date":"2023-02-19T11:14:40","date_gmt":"2023-02-19T11:14:40","guid":{"rendered":"https:\/\/widjeskogahlman.se\/?page_id=511"},"modified":"2025-05-22T21:54:58","modified_gmt":"2025-05-22T19:54:58","slug":"villkor","status":"publish","type":"page","link":"https:\/\/widjeskogahlman.se\/en\/villkor\/","title":{"rendered":"Terms &amp; conditions"},"content":{"rendered":"<h3 class=\"wp-block-heading\">Terms of agreement<\/h3>\n\n\n\n<h5 class=\"wp-block-heading\"><strong>SBPO's ethical guidelines<\/strong><\/h5>\n\n\n\n<p>Theresa Widjeskog Ahlman, ordningskonsult (h\u00e4danefter refererad till som \u201ckonsulten\u201d)&nbsp; f\u00f6ljer SBPO:s (Svensk Branschf\u00f6rening f\u00f6r Produktivitet och Ordning) etiska riktlinjer.<\/p>\n\n\n\n<h5 class=\"wp-block-heading\"><strong>The Client's confidentiality&nbsp;<\/strong><\/h5>\n\n\n\n<p>The organizer keeps all personal information about the client and information regarding the assignment confidential. The organizer will keep the information confidential even after the end of the assignment.<\/p>\n\n\n\n<h5 class=\"wp-block-heading\"><strong>Assignment booking<\/strong><\/h5>\n\n\n\n<p>An assignment always begins with a consultation (free of charge) where the client can express their wishes and goals for the assignment. The consultation takes place over the phone or video call. After the initial consultation, the organizer creates a proposal for an action plan as well as time and price estimates for the project. <\/p>\n\n\n\n<p>The client can then book one or more sessions for sorting, decluttering and organizing a space. <\/p>\n\n\n\n<p>Digital coaching bokas per session \u00e0 60 min. <br><strong><a href=\"https:\/\/widjeskogahlman.se\/en\/erbjudanden\/\">Prislista aktuella priser 2025<\/a><\/strong><br>Phone number for booking is: 0730-505350<\/p>\n\n\n\n<h5 class=\"wp-block-heading\"><strong>Payment<\/strong><\/h5>\n\n\n\n<p>Payment is made in full per invoice after the assignment has been completed.<br>For larger assignments, the organizer reserves the right get an advance payment of half of the estimated total price. This amount is then deducted from the final invoice. <\/p>\n\n\n\n<h5 class=\"wp-block-heading\"><strong>Storing and organizing containers<\/strong><\/h5>\n\n\n\n<p>Vid behov och om kunden \u00f6nskar kan konsulten ta fram en lista av l\u00e4mpliga beh\u00e5llare, f\u00f6rvaringsl\u00f6sningar&nbsp; etc f\u00f6r att f\u00f6rvara kundens f\u00f6rem\u00e5l p\u00e5 ett f\u00f6rdelaktigt s\u00e4tt. Konsulten tillhandah\u00e5ller d\u00e5 via mail l\u00e4nkar till f\u00f6rslag p\u00e5 ink\u00f6psst\u00e4llen. Ink\u00f6p sker endast i samr\u00e5d med kunden, och ingenting inhandlas utan kundens samtycke och godk\u00e4nnande av kostnad f\u00f6r ink\u00f6p.<\/p>\n\n\n\n<p>The cost of any storage solutions is charged to the customer and specified on the final invoice.&nbsp;<\/p>\n\n\n\n<h5 class=\"wp-block-heading\"><strong>Disposal and donation<\/strong><\/h5>\n\n\n\n<p>Removal and disposal of decluttered objects <strong>is not included<\/strong> in the regular price, but can be added as an extra service. The extra cost is specified on the invoice.<\/p>\n\n\n\n<h5 class=\"wp-block-heading\"><strong>Policy regarding canceled or rescheduled sessions<\/strong><\/h5>\n\n\n\n<p>The customer can cancel or reschedule a session within 48 hours before the scheduled session. If cancellation occurs later than 48 hours, the customer is required to pay a fee corresponding to 50% of the session's price.&nbsp;<\/p>\n\n\n\n<h5 class=\"wp-block-heading\"><strong>Budget for the project<\/strong><\/h5>\n\n\n\n<p>During the initial consultation, the client is asked about the planned budget for the project. This is so that the organizer can estimate the amount of work that can be done within the framework of the budget and can more easily provide an action plan that is as accurate as possible. <\/p>\n\n\n\n<h5 class=\"wp-block-heading\"><strong>Budget for products<\/strong><\/h5>\n\n\n\n<p>Before the start of the assignment, the organizer and the client agree on a budget for the purchase of containers and storage systems. The organizer can recommend products and services to meet the client's needs for organization and maintaining systems for organization. The organizer is not responsible for the quality of recommended products and services. The organizer stays within the framework of the agreed budget when recommending products and services.&nbsp;<\/p>\n\n\n\n<h5 class=\"wp-block-heading\"><strong>Before and after<\/strong> photos<\/h5>\n\n\n\n<p>Professional organizers often take before and after-pictures for marketing and training purposes.<\/p>\n\n\n\n<p><strong><em>All photos are anonymous. <\/em><\/strong>The client must give their consent to photography and the publication of images and film material. <\/p>\n\n\n<div class=\"wp-block-image\">\n<figure class=\"aligncenter size-full is-resized\"><img loading=\"lazy\" decoding=\"async\" width=\"500\" height=\"500\" src=\"https:\/\/widjeskogahlman.se\/wp-content\/uploads\/2022\/10\/sbpo_member_1.png\" alt=\"\" class=\"wp-image-246\" style=\"width:211px;height:211px\" srcset=\"https:\/\/widjeskogahlman.se\/wp-content\/uploads\/2022\/10\/sbpo_member_1.png 500w, https:\/\/widjeskogahlman.se\/wp-content\/uploads\/2022\/10\/sbpo_member_1-300x300.png 300w, https:\/\/widjeskogahlman.se\/wp-content\/uploads\/2022\/10\/sbpo_member_1-150x150.png 150w\" sizes=\"auto, (max-width: 500px) 100vw, 500px\" \/><\/figure>\n<\/div>","protected":false},"excerpt":{"rendered":"<p>Villkor f\u00f6r \u00f6verenskommelse SBPO:s etiska riktlinjer Theresa Widjeskog Ahlman, ordningskonsult (h\u00e4danefter refererad till som \u201ckonsulten\u201d)&nbsp; f\u00f6ljer SBPO:s (Svensk Branschf\u00f6rening f\u00f6r Produktivitet och Ordning) etiska riktlinjer. Kundens konfidentialitet&nbsp; Konsulten h\u00e5ller all personlig information om kunden och information r\u00f6rande uppdraget konfidentiell. Konsulten kommer att h\u00e5lla informationen konfidentiell \u00e4ven efter uppdragets avslutande. Bokning&#8230;<\/p>","protected":false},"author":1,"featured_media":0,"parent":0,"menu_order":0,"comment_status":"closed","ping_status":"closed","template":"","meta":{"footnotes":""},"class_list":["post-511","page","type-page","status-publish","hentry"],"yoast_head":"<!-- This site is optimized with the Yoast SEO plugin v27.4 - https:\/\/yoast.com\/product\/yoast-seo-wordpress\/ -->\n<title>Villkor - Theresa W. Ahlman<\/title>\n<meta name=\"description\" content=\"Dessa villkor beh\u00f6ver du som kund godk\u00e4nna innan jag som ordningskonsult p\u00e5b\u00f6rjar ett uppdrag med att rensa och organisera hos dig.\" \/>\n<meta name=\"robots\" content=\"index, follow, max-snippet:-1, max-image-preview:large, max-video-preview:-1\" \/>\n<link rel=\"canonical\" href=\"https:\/\/widjeskogahlman.se\/en\/villkor\/\" \/>\n<meta property=\"og:locale\" content=\"en_US\" \/>\n<meta property=\"og:type\" content=\"article\" \/>\n<meta property=\"og:title\" content=\"Villkor - Theresa W. Ahlman\" \/>\n<meta property=\"og:description\" content=\"Dessa villkor beh\u00f6ver du som kund godk\u00e4nna innan jag som ordningskonsult p\u00e5b\u00f6rjar ett uppdrag med att rensa och organisera hos dig.\" \/>\n<meta property=\"og:url\" content=\"https:\/\/widjeskogahlman.se\/en\/villkor\/\" \/>\n<meta property=\"og:site_name\" content=\"Theresa W. Ahlman\" \/>\n<meta property=\"article:modified_time\" content=\"2025-05-22T19:54:58+00:00\" \/>\n<meta property=\"og:image\" content=\"https:\/\/widjeskogahlman.se\/wp-content\/uploads\/2022\/10\/sbpo_member_1.png\" \/>\n\t<meta property=\"og:image:width\" content=\"500\" \/>\n\t<meta property=\"og:image:height\" content=\"500\" \/>\n\t<meta property=\"og:image:type\" content=\"image\/png\" \/>\n<meta name=\"twitter:card\" content=\"summary_large_image\" \/>\n<meta name=\"twitter:label1\" content=\"Est. reading time\" \/>\n\t<meta name=\"twitter:data1\" content=\"3 minutes\" \/>\n<script type=\"application\/ld+json\" class=\"yoast-schema-graph\">{\"@context\":\"https:\\\/\\\/schema.org\",\"@graph\":[{\"@type\":\"WebPage\",\"@id\":\"https:\\\/\\\/widjeskogahlman.se\\\/villkor\\\/\",\"url\":\"https:\\\/\\\/widjeskogahlman.se\\\/villkor\\\/\",\"name\":\"Villkor - Theresa W. Ahlman\",\"isPartOf\":{\"@id\":\"https:\\\/\\\/widjeskogahlman.se\\\/#website\"},\"primaryImageOfPage\":{\"@id\":\"https:\\\/\\\/widjeskogahlman.se\\\/villkor\\\/#primaryimage\"},\"image\":{\"@id\":\"https:\\\/\\\/widjeskogahlman.se\\\/villkor\\\/#primaryimage\"},\"thumbnailUrl\":\"https:\\\/\\\/widjeskogahlman.se\\\/wp-content\\\/uploads\\\/2022\\\/10\\\/sbpo_member_1.png\",\"datePublished\":\"2023-02-19T11:14:40+00:00\",\"dateModified\":\"2025-05-22T19:54:58+00:00\",\"description\":\"Dessa villkor beh\u00f6ver du som kund godk\u00e4nna innan jag som ordningskonsult p\u00e5b\u00f6rjar ett uppdrag med att rensa och organisera hos dig.\",\"breadcrumb\":{\"@id\":\"https:\\\/\\\/widjeskogahlman.se\\\/villkor\\\/#breadcrumb\"},\"inLanguage\":\"en-US\",\"potentialAction\":[{\"@type\":\"ReadAction\",\"target\":[\"https:\\\/\\\/widjeskogahlman.se\\\/villkor\\\/\"]}]},{\"@type\":\"ImageObject\",\"inLanguage\":\"en-US\",\"@id\":\"https:\\\/\\\/widjeskogahlman.se\\\/villkor\\\/#primaryimage\",\"url\":\"https:\\\/\\\/widjeskogahlman.se\\\/wp-content\\\/uploads\\\/2022\\\/10\\\/sbpo_member_1.png\",\"contentUrl\":\"https:\\\/\\\/widjeskogahlman.se\\\/wp-content\\\/uploads\\\/2022\\\/10\\\/sbpo_member_1.png\"},{\"@type\":\"BreadcrumbList\",\"@id\":\"https:\\\/\\\/widjeskogahlman.se\\\/villkor\\\/#breadcrumb\",\"itemListElement\":[{\"@type\":\"ListItem\",\"position\":1,\"name\":\"Hem\",\"item\":\"https:\\\/\\\/widjeskogahlman.se\\\/\"},{\"@type\":\"ListItem\",\"position\":2,\"name\":\"Villkor\"}]},{\"@type\":\"WebSite\",\"@id\":\"https:\\\/\\\/widjeskogahlman.se\\\/#website\",\"url\":\"https:\\\/\\\/widjeskogahlman.se\\\/\",\"name\":\"Theresa W. Ahlman\",\"description\":\"Simple living i hj\u00e4rtat av V\u00e4rmland\",\"publisher\":{\"@id\":\"https:\\\/\\\/widjeskogahlman.se\\\/#organization\"},\"potentialAction\":[{\"@type\":\"SearchAction\",\"target\":{\"@type\":\"EntryPoint\",\"urlTemplate\":\"https:\\\/\\\/widjeskogahlman.se\\\/?s={search_term_string}\"},\"query-input\":{\"@type\":\"PropertyValueSpecification\",\"valueRequired\":true,\"valueName\":\"search_term_string\"}}],\"inLanguage\":\"en-US\"},{\"@type\":\"Organization\",\"@id\":\"https:\\\/\\\/widjeskogahlman.se\\\/#organization\",\"name\":\"Theresa W. Ahlman\",\"url\":\"https:\\\/\\\/widjeskogahlman.se\\\/\",\"logo\":{\"@type\":\"ImageObject\",\"inLanguage\":\"en-US\",\"@id\":\"https:\\\/\\\/widjeskogahlman.se\\\/#\\\/schema\\\/logo\\\/image\\\/\",\"url\":\"https:\\\/\\\/widjeskogahlman.se\\\/wp-content\\\/uploads\\\/2024\\\/02\\\/cropped-twa-2-1.png\",\"contentUrl\":\"https:\\\/\\\/widjeskogahlman.se\\\/wp-content\\\/uploads\\\/2024\\\/02\\\/cropped-twa-2-1.png\",\"width\":500,\"height\":500,\"caption\":\"Theresa W. Ahlman\"},\"image\":{\"@id\":\"https:\\\/\\\/widjeskogahlman.se\\\/#\\\/schema\\\/logo\\\/image\\\/\"}}]}<\/script>\n<!-- \/ Yoast SEO plugin. -->","yoast_head_json":{"title":"Villkor - Theresa W. Ahlman","description":"Dessa villkor beh\u00f6ver du som kund godk\u00e4nna innan jag som ordningskonsult p\u00e5b\u00f6rjar ett uppdrag med att rensa och organisera hos dig.","robots":{"index":"index","follow":"follow","max-snippet":"max-snippet:-1","max-image-preview":"max-image-preview:large","max-video-preview":"max-video-preview:-1"},"canonical":"https:\/\/widjeskogahlman.se\/en\/villkor\/","og_locale":"en_US","og_type":"article","og_title":"Villkor - Theresa W. Ahlman","og_description":"Dessa villkor beh\u00f6ver du som kund godk\u00e4nna innan jag som ordningskonsult p\u00e5b\u00f6rjar ett uppdrag med att rensa och organisera hos dig.","og_url":"https:\/\/widjeskogahlman.se\/en\/villkor\/","og_site_name":"Theresa W. Ahlman","article_modified_time":"2025-05-22T19:54:58+00:00","og_image":[{"width":500,"height":500,"url":"https:\/\/widjeskogahlman.se\/wp-content\/uploads\/2022\/10\/sbpo_member_1.png","type":"image\/png"}],"twitter_card":"summary_large_image","twitter_misc":{"Est. reading time":"3 minutes"},"schema":{"@context":"https:\/\/schema.org","@graph":[{"@type":"WebPage","@id":"https:\/\/widjeskogahlman.se\/villkor\/","url":"https:\/\/widjeskogahlman.se\/villkor\/","name":"Villkor - Theresa W. Ahlman","isPartOf":{"@id":"https:\/\/widjeskogahlman.se\/#website"},"primaryImageOfPage":{"@id":"https:\/\/widjeskogahlman.se\/villkor\/#primaryimage"},"image":{"@id":"https:\/\/widjeskogahlman.se\/villkor\/#primaryimage"},"thumbnailUrl":"https:\/\/widjeskogahlman.se\/wp-content\/uploads\/2022\/10\/sbpo_member_1.png","datePublished":"2023-02-19T11:14:40+00:00","dateModified":"2025-05-22T19:54:58+00:00","description":"Dessa villkor beh\u00f6ver du som kund godk\u00e4nna innan jag som ordningskonsult p\u00e5b\u00f6rjar ett uppdrag med att rensa och organisera hos dig.","breadcrumb":{"@id":"https:\/\/widjeskogahlman.se\/villkor\/#breadcrumb"},"inLanguage":"en-US","potentialAction":[{"@type":"ReadAction","target":["https:\/\/widjeskogahlman.se\/villkor\/"]}]},{"@type":"ImageObject","inLanguage":"en-US","@id":"https:\/\/widjeskogahlman.se\/villkor\/#primaryimage","url":"https:\/\/widjeskogahlman.se\/wp-content\/uploads\/2022\/10\/sbpo_member_1.png","contentUrl":"https:\/\/widjeskogahlman.se\/wp-content\/uploads\/2022\/10\/sbpo_member_1.png"},{"@type":"BreadcrumbList","@id":"https:\/\/widjeskogahlman.se\/villkor\/#breadcrumb","itemListElement":[{"@type":"ListItem","position":1,"name":"Hem","item":"https:\/\/widjeskogahlman.se\/"},{"@type":"ListItem","position":2,"name":"Villkor"}]},{"@type":"WebSite","@id":"https:\/\/widjeskogahlman.se\/#website","url":"https:\/\/widjeskogahlman.se\/","name":"Theresa W. Ahlman","description":"Simple living i hj\u00e4rtat av V\u00e4rmland","publisher":{"@id":"https:\/\/widjeskogahlman.se\/#organization"},"potentialAction":[{"@type":"SearchAction","target":{"@type":"EntryPoint","urlTemplate":"https:\/\/widjeskogahlman.se\/?s={search_term_string}"},"query-input":{"@type":"PropertyValueSpecification","valueRequired":true,"valueName":"search_term_string"}}],"inLanguage":"en-US"},{"@type":"Organization","@id":"https:\/\/widjeskogahlman.se\/#organization","name":"Theresa W. Ahlman","url":"https:\/\/widjeskogahlman.se\/","logo":{"@type":"ImageObject","inLanguage":"en-US","@id":"https:\/\/widjeskogahlman.se\/#\/schema\/logo\/image\/","url":"https:\/\/widjeskogahlman.se\/wp-content\/uploads\/2024\/02\/cropped-twa-2-1.png","contentUrl":"https:\/\/widjeskogahlman.se\/wp-content\/uploads\/2024\/02\/cropped-twa-2-1.png","width":500,"height":500,"caption":"Theresa W. Ahlman"},"image":{"@id":"https:\/\/widjeskogahlman.se\/#\/schema\/logo\/image\/"}}]}},"_links":{"self":[{"href":"https:\/\/widjeskogahlman.se\/en\/wp-json\/wp\/v2\/pages\/511","targetHints":{"allow":["GET"]}}],"collection":[{"href":"https:\/\/widjeskogahlman.se\/en\/wp-json\/wp\/v2\/pages"}],"about":[{"href":"https:\/\/widjeskogahlman.se\/en\/wp-json\/wp\/v2\/types\/page"}],"author":[{"embeddable":true,"href":"https:\/\/widjeskogahlman.se\/en\/wp-json\/wp\/v2\/users\/1"}],"replies":[{"embeddable":true,"href":"https:\/\/widjeskogahlman.se\/en\/wp-json\/wp\/v2\/comments?post=511"}],"version-history":[{"count":6,"href":"https:\/\/widjeskogahlman.se\/en\/wp-json\/wp\/v2\/pages\/511\/revisions"}],"predecessor-version":[{"id":6819,"href":"https:\/\/widjeskogahlman.se\/en\/wp-json\/wp\/v2\/pages\/511\/revisions\/6819"}],"wp:attachment":[{"href":"https:\/\/widjeskogahlman.se\/en\/wp-json\/wp\/v2\/media?parent=511"}],"curies":[{"name":"wp","href":"https:\/\/api.w.org\/{rel}","templated":true}]}}