{"id":55,"date":"2022-09-12T10:34:43","date_gmt":"2022-09-12T10:34:43","guid":{"rendered":"https:\/\/widjeskogahlman.se\/?page_id=55"},"modified":"2026-03-12T15:44:49","modified_gmt":"2026-03-12T14:44:49","slug":"konsultation","status":"publish","type":"page","link":"https:\/\/widjeskogahlman.se\/en\/konsultation\/","title":{"rendered":"Apply"},"content":{"rendered":"<h3 class=\"wp-block-heading\">Jag h\u00e5ller kurser och workshops i en rad olika sl\u00f6jduttryck.<\/h3>\n\n\n\n<figure class=\"wp-block-image size-large is-resized\"><img loading=\"lazy\" decoding=\"async\" width=\"1024\" height=\"1024\" src=\"https:\/\/widjeskogahlman.se\/wp-content\/uploads\/2025\/05\/IMG_5858-1024x1024.jpeg\" alt=\"\" class=\"wp-image-6676\" style=\"width:265px;height:auto\" srcset=\"https:\/\/widjeskogahlman.se\/wp-content\/uploads\/2025\/05\/IMG_5858-1024x1024.jpeg 1024w, https:\/\/widjeskogahlman.se\/wp-content\/uploads\/2025\/05\/IMG_5858-300x300.jpeg 300w, https:\/\/widjeskogahlman.se\/wp-content\/uploads\/2025\/05\/IMG_5858-150x150.jpeg 150w, https:\/\/widjeskogahlman.se\/wp-content\/uploads\/2025\/05\/IMG_5858-768x768.jpeg 768w, https:\/\/widjeskogahlman.se\/wp-content\/uploads\/2025\/05\/IMG_5858-1536x1536.jpeg 1536w, https:\/\/widjeskogahlman.se\/wp-content\/uploads\/2025\/05\/IMG_5858-2048x2048.jpeg 2048w, https:\/\/widjeskogahlman.se\/wp-content\/uploads\/2025\/05\/IMG_5858-12x12.jpeg 12w, https:\/\/widjeskogahlman.se\/wp-content\/uploads\/2025\/05\/IMG_5858-850x850.jpeg 850w\" sizes=\"auto, (max-width: 1024px) 100vw, 1024px\" \/><\/figure>\n\n\n\n<p>Om du vill komma i kontakt med mig f\u00f6r en workshop, anm\u00e4l ditt intresse nedan s\u00e5 \u00e5terkommer jag till dig. <\/p>\n\n\n\n<p class=\"has-white-color has-text-color\">.<\/p>\n\n\n\n<div class=\"wp-block-buttons is-content-justification-left is-layout-flex wp-container-core-buttons-is-layout-fdcfc74e wp-block-buttons-is-layout-flex\">\n<div class=\"wp-block-button is-style-fill\"><a class=\"wp-block-button__link has-white-color has-black-background-color has-text-color has-background has-link-color has-custom-font-size wp-element-button\" href=\"https:\/\/jotform.com\/260704218289056\" style=\"border-radius:12px;font-size:25px\"><strong>SUBMIT YOUR APPLICATION HERE &gt;&gt;<\/strong><\/a><\/div>\n<\/div>","protected":false},"excerpt":{"rendered":"<p>Jag h\u00e5ller kurser och workshops i en rad olika sl\u00f6jduttryck. Om du vill komma i kontakt med mig f\u00f6r en workshop, anm\u00e4l ditt intresse nedan s\u00e5 \u00e5terkommer jag till dig. .<\/p>","protected":false},"author":1,"featured_media":0,"parent":0,"menu_order":0,"comment_status":"closed","ping_status":"closed","template":"","meta":{"footnotes":""},"class_list":["post-55","page","type-page","status-publish","hentry"],"yoast_head":"<!-- This site is optimized with the Yoast SEO plugin v27.4 - https:\/\/yoast.com\/product\/yoast-seo-wordpress\/ -->\n<title>Intresseanm\u00e4lan - Theresa W. Ahlman<\/title>\n<meta name=\"description\" content=\"Anm\u00e4l ditt intresse och boka en kostnadsfri konsultation med mig som ordningskonsult. Under samtalet beskriver du vad du beh\u00f6ver hj\u00e4lp med.\" \/>\n<meta name=\"robots\" content=\"index, follow, max-snippet:-1, max-image-preview:large, max-video-preview:-1\" \/>\n<link rel=\"canonical\" href=\"https:\/\/widjeskogahlman.se\/en\/konsultation\/\" \/>\n<meta property=\"og:locale\" content=\"en_US\" \/>\n<meta property=\"og:type\" content=\"article\" \/>\n<meta property=\"og:title\" content=\"Intresseanm\u00e4lan - Theresa W. Ahlman\" \/>\n<meta property=\"og:description\" content=\"Anm\u00e4l ditt intresse och boka en kostnadsfri konsultation med mig som ordningskonsult. Under samtalet beskriver du vad du beh\u00f6ver hj\u00e4lp med.\" \/>\n<meta property=\"og:url\" content=\"https:\/\/widjeskogahlman.se\/en\/konsultation\/\" \/>\n<meta property=\"og:site_name\" content=\"Theresa W. Ahlman\" \/>\n<meta property=\"article:modified_time\" content=\"2026-03-12T14:44:49+00:00\" \/>\n<meta property=\"og:image\" content=\"https:\/\/widjeskogahlman.se\/wp-content\/uploads\/2025\/05\/IMG_5858-scaled.jpeg\" \/>\n\t<meta property=\"og:image:width\" content=\"2560\" \/>\n\t<meta property=\"og:image:height\" content=\"2560\" \/>\n\t<meta property=\"og:image:type\" content=\"image\/jpeg\" \/>\n<meta name=\"twitter:card\" content=\"summary_large_image\" \/>\n<meta name=\"twitter:label1\" content=\"Est. reading time\" \/>\n\t<meta name=\"twitter:data1\" content=\"1 minute\" \/>\n<script type=\"application\/ld+json\" class=\"yoast-schema-graph\">{\"@context\":\"https:\\\/\\\/schema.org\",\"@graph\":[{\"@type\":\"WebPage\",\"@id\":\"https:\\\/\\\/widjeskogahlman.se\\\/konsultation\\\/\",\"url\":\"https:\\\/\\\/widjeskogahlman.se\\\/konsultation\\\/\",\"name\":\"Intresseanm\u00e4lan - Theresa W. Ahlman\",\"isPartOf\":{\"@id\":\"https:\\\/\\\/widjeskogahlman.se\\\/#website\"},\"primaryImageOfPage\":{\"@id\":\"https:\\\/\\\/widjeskogahlman.se\\\/konsultation\\\/#primaryimage\"},\"image\":{\"@id\":\"https:\\\/\\\/widjeskogahlman.se\\\/konsultation\\\/#primaryimage\"},\"thumbnailUrl\":\"https:\\\/\\\/widjeskogahlman.se\\\/wp-content\\\/uploads\\\/2025\\\/05\\\/IMG_5858-1024x1024.jpeg\",\"datePublished\":\"2022-09-12T10:34:43+00:00\",\"dateModified\":\"2026-03-12T14:44:49+00:00\",\"description\":\"Anm\u00e4l ditt intresse och boka en kostnadsfri konsultation med mig som ordningskonsult. Under samtalet beskriver du vad du beh\u00f6ver hj\u00e4lp med.\",\"breadcrumb\":{\"@id\":\"https:\\\/\\\/widjeskogahlman.se\\\/konsultation\\\/#breadcrumb\"},\"inLanguage\":\"en-US\",\"potentialAction\":[{\"@type\":\"ReadAction\",\"target\":[\"https:\\\/\\\/widjeskogahlman.se\\\/konsultation\\\/\"]}]},{\"@type\":\"ImageObject\",\"inLanguage\":\"en-US\",\"@id\":\"https:\\\/\\\/widjeskogahlman.se\\\/konsultation\\\/#primaryimage\",\"url\":\"https:\\\/\\\/widjeskogahlman.se\\\/wp-content\\\/uploads\\\/2025\\\/05\\\/IMG_5858-1024x1024.jpeg\",\"contentUrl\":\"https:\\\/\\\/widjeskogahlman.se\\\/wp-content\\\/uploads\\\/2025\\\/05\\\/IMG_5858-1024x1024.jpeg\"},{\"@type\":\"BreadcrumbList\",\"@id\":\"https:\\\/\\\/widjeskogahlman.se\\\/konsultation\\\/#breadcrumb\",\"itemListElement\":[{\"@type\":\"ListItem\",\"position\":1,\"name\":\"Hem\",\"item\":\"https:\\\/\\\/widjeskogahlman.se\\\/\"},{\"@type\":\"ListItem\",\"position\":2,\"name\":\"Intresseanm\u00e4lan\"}]},{\"@type\":\"WebSite\",\"@id\":\"https:\\\/\\\/widjeskogahlman.se\\\/#website\",\"url\":\"https:\\\/\\\/widjeskogahlman.se\\\/\",\"name\":\"Theresa W. Ahlman\",\"description\":\"Simple living i hj\u00e4rtat av V\u00e4rmland\",\"publisher\":{\"@id\":\"https:\\\/\\\/widjeskogahlman.se\\\/#organization\"},\"potentialAction\":[{\"@type\":\"SearchAction\",\"target\":{\"@type\":\"EntryPoint\",\"urlTemplate\":\"https:\\\/\\\/widjeskogahlman.se\\\/?s={search_term_string}\"},\"query-input\":{\"@type\":\"PropertyValueSpecification\",\"valueRequired\":true,\"valueName\":\"search_term_string\"}}],\"inLanguage\":\"en-US\"},{\"@type\":\"Organization\",\"@id\":\"https:\\\/\\\/widjeskogahlman.se\\\/#organization\",\"name\":\"Theresa W. Ahlman\",\"url\":\"https:\\\/\\\/widjeskogahlman.se\\\/\",\"logo\":{\"@type\":\"ImageObject\",\"inLanguage\":\"en-US\",\"@id\":\"https:\\\/\\\/widjeskogahlman.se\\\/#\\\/schema\\\/logo\\\/image\\\/\",\"url\":\"https:\\\/\\\/widjeskogahlman.se\\\/wp-content\\\/uploads\\\/2024\\\/02\\\/cropped-twa-2-1.png\",\"contentUrl\":\"https:\\\/\\\/widjeskogahlman.se\\\/wp-content\\\/uploads\\\/2024\\\/02\\\/cropped-twa-2-1.png\",\"width\":500,\"height\":500,\"caption\":\"Theresa W. Ahlman\"},\"image\":{\"@id\":\"https:\\\/\\\/widjeskogahlman.se\\\/#\\\/schema\\\/logo\\\/image\\\/\"}}]}<\/script>\n<!-- \/ Yoast SEO plugin. -->","yoast_head_json":{"title":"Intresseanm\u00e4lan - Theresa W. Ahlman","description":"Anm\u00e4l ditt intresse och boka en kostnadsfri konsultation med mig som ordningskonsult. Under samtalet beskriver du vad du beh\u00f6ver hj\u00e4lp med.","robots":{"index":"index","follow":"follow","max-snippet":"max-snippet:-1","max-image-preview":"max-image-preview:large","max-video-preview":"max-video-preview:-1"},"canonical":"https:\/\/widjeskogahlman.se\/en\/konsultation\/","og_locale":"en_US","og_type":"article","og_title":"Intresseanm\u00e4lan - Theresa W. Ahlman","og_description":"Anm\u00e4l ditt intresse och boka en kostnadsfri konsultation med mig som ordningskonsult. Under samtalet beskriver du vad du beh\u00f6ver hj\u00e4lp med.","og_url":"https:\/\/widjeskogahlman.se\/en\/konsultation\/","og_site_name":"Theresa W. Ahlman","article_modified_time":"2026-03-12T14:44:49+00:00","og_image":[{"width":2560,"height":2560,"url":"https:\/\/widjeskogahlman.se\/wp-content\/uploads\/2025\/05\/IMG_5858-scaled.jpeg","type":"image\/jpeg"}],"twitter_card":"summary_large_image","twitter_misc":{"Est. reading time":"1 minute"},"schema":{"@context":"https:\/\/schema.org","@graph":[{"@type":"WebPage","@id":"https:\/\/widjeskogahlman.se\/konsultation\/","url":"https:\/\/widjeskogahlman.se\/konsultation\/","name":"Intresseanm\u00e4lan - Theresa W. Ahlman","isPartOf":{"@id":"https:\/\/widjeskogahlman.se\/#website"},"primaryImageOfPage":{"@id":"https:\/\/widjeskogahlman.se\/konsultation\/#primaryimage"},"image":{"@id":"https:\/\/widjeskogahlman.se\/konsultation\/#primaryimage"},"thumbnailUrl":"https:\/\/widjeskogahlman.se\/wp-content\/uploads\/2025\/05\/IMG_5858-1024x1024.jpeg","datePublished":"2022-09-12T10:34:43+00:00","dateModified":"2026-03-12T14:44:49+00:00","description":"Anm\u00e4l ditt intresse och boka en kostnadsfri konsultation med mig som ordningskonsult. Under samtalet beskriver du vad du beh\u00f6ver hj\u00e4lp med.","breadcrumb":{"@id":"https:\/\/widjeskogahlman.se\/konsultation\/#breadcrumb"},"inLanguage":"en-US","potentialAction":[{"@type":"ReadAction","target":["https:\/\/widjeskogahlman.se\/konsultation\/"]}]},{"@type":"ImageObject","inLanguage":"en-US","@id":"https:\/\/widjeskogahlman.se\/konsultation\/#primaryimage","url":"https:\/\/widjeskogahlman.se\/wp-content\/uploads\/2025\/05\/IMG_5858-1024x1024.jpeg","contentUrl":"https:\/\/widjeskogahlman.se\/wp-content\/uploads\/2025\/05\/IMG_5858-1024x1024.jpeg"},{"@type":"BreadcrumbList","@id":"https:\/\/widjeskogahlman.se\/konsultation\/#breadcrumb","itemListElement":[{"@type":"ListItem","position":1,"name":"Hem","item":"https:\/\/widjeskogahlman.se\/"},{"@type":"ListItem","position":2,"name":"Intresseanm\u00e4lan"}]},{"@type":"WebSite","@id":"https:\/\/widjeskogahlman.se\/#website","url":"https:\/\/widjeskogahlman.se\/","name":"Theresa W. Ahlman","description":"Simple living i hj\u00e4rtat av V\u00e4rmland","publisher":{"@id":"https:\/\/widjeskogahlman.se\/#organization"},"potentialAction":[{"@type":"SearchAction","target":{"@type":"EntryPoint","urlTemplate":"https:\/\/widjeskogahlman.se\/?s={search_term_string}"},"query-input":{"@type":"PropertyValueSpecification","valueRequired":true,"valueName":"search_term_string"}}],"inLanguage":"en-US"},{"@type":"Organization","@id":"https:\/\/widjeskogahlman.se\/#organization","name":"Theresa W. Ahlman","url":"https:\/\/widjeskogahlman.se\/","logo":{"@type":"ImageObject","inLanguage":"en-US","@id":"https:\/\/widjeskogahlman.se\/#\/schema\/logo\/image\/","url":"https:\/\/widjeskogahlman.se\/wp-content\/uploads\/2024\/02\/cropped-twa-2-1.png","contentUrl":"https:\/\/widjeskogahlman.se\/wp-content\/uploads\/2024\/02\/cropped-twa-2-1.png","width":500,"height":500,"caption":"Theresa W. Ahlman"},"image":{"@id":"https:\/\/widjeskogahlman.se\/#\/schema\/logo\/image\/"}}]}},"_links":{"self":[{"href":"https:\/\/widjeskogahlman.se\/en\/wp-json\/wp\/v2\/pages\/55","targetHints":{"allow":["GET"]}}],"collection":[{"href":"https:\/\/widjeskogahlman.se\/en\/wp-json\/wp\/v2\/pages"}],"about":[{"href":"https:\/\/widjeskogahlman.se\/en\/wp-json\/wp\/v2\/types\/page"}],"author":[{"embeddable":true,"href":"https:\/\/widjeskogahlman.se\/en\/wp-json\/wp\/v2\/users\/1"}],"replies":[{"embeddable":true,"href":"https:\/\/widjeskogahlman.se\/en\/wp-json\/wp\/v2\/comments?post=55"}],"version-history":[{"count":87,"href":"https:\/\/widjeskogahlman.se\/en\/wp-json\/wp\/v2\/pages\/55\/revisions"}],"predecessor-version":[{"id":6897,"href":"https:\/\/widjeskogahlman.se\/en\/wp-json\/wp\/v2\/pages\/55\/revisions\/6897"}],"wp:attachment":[{"href":"https:\/\/widjeskogahlman.se\/en\/wp-json\/wp\/v2\/media?parent=55"}],"curies":[{"name":"wp","href":"https:\/\/api.w.org\/{rel}","templated":true}]}}