{"id":6,"date":"2022-09-09T22:00:24","date_gmt":"2022-09-09T22:00:24","guid":{"rendered":"https:\/\/widjeskogahlman.se\/?page_id=6"},"modified":"2026-03-12T15:48:49","modified_gmt":"2026-03-12T14:48:49","slug":"start","status":"publish","type":"page","link":"https:\/\/widjeskogahlman.se\/en\/start\/","title":{"rendered":"Ett enklare liv med skogens mystik."},"content":{"rendered":"<div class=\"wp-block-image\">\n<figure class=\"aligncenter size-large is-resized\"><img loading=\"lazy\" decoding=\"async\" width=\"1024\" height=\"1024\" src=\"https:\/\/widjeskogahlman.se\/wp-content\/uploads\/2025\/05\/IMG_5858-1024x1024.jpeg\" alt=\"\" class=\"wp-image-6676\" style=\"width:456px;height:auto\" srcset=\"https:\/\/widjeskogahlman.se\/wp-content\/uploads\/2025\/05\/IMG_5858-1024x1024.jpeg 1024w, https:\/\/widjeskogahlman.se\/wp-content\/uploads\/2025\/05\/IMG_5858-300x300.jpeg 300w, https:\/\/widjeskogahlman.se\/wp-content\/uploads\/2025\/05\/IMG_5858-150x150.jpeg 150w, https:\/\/widjeskogahlman.se\/wp-content\/uploads\/2025\/05\/IMG_5858-768x768.jpeg 768w, https:\/\/widjeskogahlman.se\/wp-content\/uploads\/2025\/05\/IMG_5858-1536x1536.jpeg 1536w, https:\/\/widjeskogahlman.se\/wp-content\/uploads\/2025\/05\/IMG_5858-2048x2048.jpeg 2048w, https:\/\/widjeskogahlman.se\/wp-content\/uploads\/2025\/05\/IMG_5858-12x12.jpeg 12w, https:\/\/widjeskogahlman.se\/wp-content\/uploads\/2025\/05\/IMG_5858-850x850.jpeg 850w\" sizes=\"auto, (max-width: 1024px) 100vw, 1024px\" \/><\/figure>\n<\/div>\n\n\n<div class=\"wp-block-cover alignfull is-light\" style=\"min-height:553px;aspect-ratio:unset;\"><span aria-hidden=\"true\" class=\"wp-block-cover__background has-background-dim-100 has-background-dim\" style=\"background-color:#ffffff\"><\/span><div class=\"wp-block-cover__inner-container is-layout-flow wp-block-cover-is-layout-flow\">\n<div class=\"wp-block-media-text alignwide is-stacked-on-mobile is-vertically-aligned-center is-image-fill-element\" style=\"grid-template-columns:48% auto\"><figure class=\"wp-block-media-text__media\"><img loading=\"lazy\" decoding=\"async\" width=\"768\" height=\"1024\" src=\"https:\/\/widjeskogahlman.se\/wp-content\/uploads\/2025\/01\/Skogstradgarden-768x1024.jpg\" alt=\"\" class=\"wp-image-6554 size-large\" style=\"object-position:85% 8%\" srcset=\"https:\/\/widjeskogahlman.se\/wp-content\/uploads\/2025\/01\/Skogstradgarden-768x1024.jpg 768w, https:\/\/widjeskogahlman.se\/wp-content\/uploads\/2025\/01\/Skogstradgarden-225x300.jpg 225w, https:\/\/widjeskogahlman.se\/wp-content\/uploads\/2025\/01\/Skogstradgarden-1152x1536.jpg 1152w, https:\/\/widjeskogahlman.se\/wp-content\/uploads\/2025\/01\/Skogstradgarden-1536x2048.jpg 1536w, https:\/\/widjeskogahlman.se\/wp-content\/uploads\/2025\/01\/Skogstradgarden-9x12.jpg 9w, https:\/\/widjeskogahlman.se\/wp-content\/uploads\/2025\/01\/Skogstradgarden-300x400.jpg 300w, https:\/\/widjeskogahlman.se\/wp-content\/uploads\/2025\/01\/Skogstradgarden-850x1133.jpg 850w, https:\/\/widjeskogahlman.se\/wp-content\/uploads\/2025\/01\/Skogstradgarden-scaled.jpg 1920w\" sizes=\"auto, (max-width: 768px) 100vw, 768px\" \/><\/figure><div class=\"wp-block-media-text__content\">\n<h2 class=\"wp-block-heading has-text-color\" style=\"color:#000000;font-size:32px\">Skapande i skogsmilj\u00f6.<\/h2>\n\n\n\n<p>N\u00e4r du b\u00f6rjar ta ditt eget skapande p\u00e5 allvar hittar du tillbaka till dig sj\u00e4lv.<\/p>\n\n\n\n<p><strong>Sl\u00f6jden och kreativiteten<\/strong> hj\u00e4lper dig att b\u00f6rja fokusera p\u00e5 det som verkligen betyder n\u00e5got: en fridfull tillvaro, lugn och ro och tid och energi f\u00f6r s\u00e5dant du verkligen bryr dig om.<\/p>\n\n\n\n<p><\/p>\n\n\n\n<div class=\"wp-block-buttons is-layout-flex wp-block-buttons-is-layout-flex\">\n<div class=\"wp-block-button is-style-fill\"><a class=\"wp-block-button__link wp-element-button\" href=\"https:\/\/widjeskogahlman.se\/en\/konsultation\/\" style=\"border-radius:5px\" target=\"_blank\" rel=\"noreferrer noopener\"><strong>SUBMIT YOU INTEREST<\/strong> &amp; <strong>APPLY HERE &gt;&gt;<\/strong><\/a><\/div>\n<\/div>\n<\/div><\/div>\n<\/div><\/div>\n\n\n\n<h3 class=\"wp-block-heading\">Jag ger dig utrymme f\u00f6r din kreativitet.<\/h3>\n\n\n\n<div class=\"wp-block-media-text alignfull is-stacked-on-mobile is-vertically-aligned-center is-image-fill-element\" style=\"grid-template-columns:48% auto\"><figure class=\"wp-block-media-text__media\"><img loading=\"lazy\" decoding=\"async\" width=\"1024\" height=\"768\" src=\"https:\/\/widjeskogahlman.se\/wp-content\/uploads\/2025\/05\/IMG_2897-1024x768.jpeg\" alt=\"\" class=\"wp-image-6806 size-medium\" style=\"object-position:96% 27%\" srcset=\"https:\/\/widjeskogahlman.se\/wp-content\/uploads\/2025\/05\/IMG_2897-1024x768.jpeg 1024w, https:\/\/widjeskogahlman.se\/wp-content\/uploads\/2025\/05\/IMG_2897-300x225.jpeg 300w, https:\/\/widjeskogahlman.se\/wp-content\/uploads\/2025\/05\/IMG_2897-768x576.jpeg 768w, https:\/\/widjeskogahlman.se\/wp-content\/uploads\/2025\/05\/IMG_2897-1536x1152.jpeg 1536w, https:\/\/widjeskogahlman.se\/wp-content\/uploads\/2025\/05\/IMG_2897-2048x1536.jpeg 2048w, https:\/\/widjeskogahlman.se\/wp-content\/uploads\/2025\/05\/IMG_2897-16x12.jpeg 16w, https:\/\/widjeskogahlman.se\/wp-content\/uploads\/2025\/05\/IMG_2897-850x638.jpeg 850w\" sizes=\"auto, (max-width: 1024px) 100vw, 1024px\" \/><\/figure><div class=\"wp-block-media-text__content\">\n<p class=\"has-text-align-right\"><strong>Jag heter Theresa, och jag \u00e4r sl\u00f6jdare &amp;  kreativ alkemist.<\/strong><\/p>\n\n\n\n<p>N\u00e4r man sl\u00f6jdar h\u00e4nder n\u00e5got i hj\u00e4rnan. Man lugnar ner hj\u00e4rnsurret, och ens sanna jag kan \u00e4ntligen komma fram i ljuset. <\/p>\n\n\n\n<p>Under mina 30+ \u00e5r som sl\u00f6jdare, konstn\u00e4r och workshopledare m\u00e4rker jag st\u00e4ndigt att s\u00e5 fort man b\u00f6rjar skapa med h\u00e4nderna, s\u00e5 h\u00e4nder \u00e4ven n\u00e5got annat. Ett lugn infinner sig. Man f\u00e5r tid att reflektera. Man f\u00e5r vara sig sj\u00e4lv. <\/p>\n\n\n\n<p>Det h\u00e4r \u00e4r vad jag brinner f\u00f6r: att hj\u00e4lpa m\u00e4nniskor att hitta tillbaka till den d\u00e4r innersta k\u00e4rnan och sl\u00e4ppa ut den d\u00e4r inre kreativa varelsen som bor i oss alla. <\/p>\n\n\n\n<div class=\"wp-block-buttons is-content-justification-right is-layout-flex wp-container-core-buttons-is-layout-765c4724 wp-block-buttons-is-layout-flex\">\n<div class=\"wp-block-button has-custom-width wp-block-button__width-75 is-style-outline is-style-outline--1\"><a class=\"wp-block-button__link has-small-font-size has-custom-font-size wp-element-button\" href=\"https:\/\/widjeskogahlman.se\/en\/konsultation\/\" style=\"border-radius:0px\">SUBMIT YOUR INTEREST<\/a><\/div>\n<\/div>\n<\/div><\/div>\n\n\n\n<hr class=\"wp-block-separator has-text-color has-alpha-channel-opacity has-background\" style=\"background-color:#bebebe;color:#bebebe\"\/>\n\n\n\n\n\n\n\n\n\n<hr class=\"wp-block-separator has-text-color has-alpha-channel-opacity has-background\" style=\"background-color:#b3b3b3;color:#b3b3b3\"\/>\n\n\n\n<div class=\"wp-block-cover has-custom-content-position is-position-top-center\" style=\"min-height:653px;aspect-ratio:unset;\"><img loading=\"lazy\" decoding=\"async\" width=\"2560\" height=\"1920\" class=\"wp-block-cover__image-background wp-image-6558\" alt=\"\" src=\"https:\/\/widjeskogahlman.se\/wp-content\/uploads\/2025\/01\/Ransater-scaled.jpg\" style=\"object-position:100% 11%\" data-object-fit=\"cover\" data-object-position=\"100% 11%\" srcset=\"https:\/\/widjeskogahlman.se\/wp-content\/uploads\/2025\/01\/Ransater-scaled.jpg 2560w, https:\/\/widjeskogahlman.se\/wp-content\/uploads\/2025\/01\/Ransater-300x225.jpg 300w, https:\/\/widjeskogahlman.se\/wp-content\/uploads\/2025\/01\/Ransater-1024x768.jpg 1024w, https:\/\/widjeskogahlman.se\/wp-content\/uploads\/2025\/01\/Ransater-768x576.jpg 768w, https:\/\/widjeskogahlman.se\/wp-content\/uploads\/2025\/01\/Ransater-1536x1152.jpg 1536w, https:\/\/widjeskogahlman.se\/wp-content\/uploads\/2025\/01\/Ransater-2048x1536.jpg 2048w, https:\/\/widjeskogahlman.se\/wp-content\/uploads\/2025\/01\/Ransater-16x12.jpg 16w, https:\/\/widjeskogahlman.se\/wp-content\/uploads\/2025\/01\/Ransater-850x638.jpg 850w\" sizes=\"auto, (max-width: 2560px) 100vw, 2560px\" \/><span aria-hidden=\"true\" class=\"wp-block-cover__background has-black-background-color has-background-dim\"><\/span><div class=\"wp-block-cover__inner-container is-layout-constrained wp-block-cover-is-layout-constrained\">\n<p class=\"has-text-align-center\">***<\/p>\n\n\n\n<h2 class=\"wp-block-heading has-text-align-center\">Skapa med skogens mystik.<\/h2>\n\n\n\n<p class=\"has-text-align-center\">Om du redan nu \u00e4r redo att b\u00f6rja ta ditt eget skapande p\u00e5 allvar<br>anm\u00e4l ditt intresse h\u00e4r nedan ber\u00e4ttar jag vad jag kan hj\u00e4lpa dig med.<\/p>\n\n\n\n<div class=\"wp-block-buttons is-content-justification-center is-layout-flex wp-container-core-buttons-is-layout-16018d1d wp-block-buttons-is-layout-flex\">\n<div class=\"wp-block-button is-style-fill\"><a class=\"wp-block-button__link has-background wp-element-button\" href=\"https:\/\/widjeskogahlman.se\/en\/konsultation\/\" style=\"background-color:#151515\">Anm\u00e4l ditt intresse<\/a><\/div>\n<\/div>\n<\/div><\/div>\n\n\n\n<hr class=\"wp-block-separator has-alpha-channel-opacity is-style-default\"\/>","protected":false},"excerpt":{"rendered":"<p>Jag ger dig utrymme f\u00f6r din kreativitet. Jag kan andas igen n\u00e4r jag \u00f6ppnar garderobsd\u00f6rren. Med Theresas metodiska genomg\u00e5ng g\u00e5r det l\u00e4tt att uppr\u00e4tth\u00e5lla det system som vi satte upp och h\u00e5lla ordning efter\u00e5t. Tillm\u00f6tesg\u00e5ende, strukturerad och jag fick snabba svar n\u00e4r jag undrade \u00f6ver n\u00e5got. Jobbade i ett bra&#8230;<\/p>","protected":false},"author":1,"featured_media":0,"parent":0,"menu_order":0,"comment_status":"closed","ping_status":"closed","template":"","meta":{"footnotes":""},"class_list":["post-6","page","type-page","status-publish","hentry"],"yoast_head":"<!-- This site is optimized with the Yoast SEO plugin v27.4 - https:\/\/yoast.com\/product\/yoast-seo-wordpress\/ -->\n<title>Ett enklare liv med skogens mystik. - Theresa W. Ahlman<\/title>\n<meta name=\"description\" content=\"Jag \u00e4r sl\u00f6jdare, konstn\u00e4r &amp; kreativ alkemist, och bor off grid i en stuga i skogen med min man.. Skogens mystik ger mig inspiration &amp; lust.\" \/>\n<meta name=\"robots\" content=\"index, follow, max-snippet:-1, max-image-preview:large, max-video-preview:-1\" \/>\n<link rel=\"canonical\" href=\"https:\/\/widjeskogahlman.se\/en\/start\/\" \/>\n<meta property=\"og:locale\" content=\"en_US\" \/>\n<meta property=\"og:type\" content=\"article\" \/>\n<meta property=\"og:title\" content=\"Ett enklare liv med skogens mystik. - Theresa W. Ahlman\" \/>\n<meta property=\"og:description\" content=\"Jag \u00e4r sl\u00f6jdare, konstn\u00e4r &amp; kreativ alkemist, och bor off grid i en stuga i skogen med min man.. Skogens mystik ger mig inspiration &amp; lust.\" \/>\n<meta property=\"og:url\" content=\"https:\/\/widjeskogahlman.se\/en\/start\/\" \/>\n<meta property=\"og:site_name\" content=\"Theresa W. Ahlman\" \/>\n<meta property=\"article:modified_time\" content=\"2026-03-12T14:48:49+00:00\" \/>\n<meta property=\"og:image\" content=\"https:\/\/widjeskogahlman.se\/wp-content\/uploads\/2025\/05\/IMG_5858-scaled.jpeg\" \/>\n\t<meta property=\"og:image:width\" content=\"2560\" \/>\n\t<meta property=\"og:image:height\" content=\"2560\" \/>\n\t<meta property=\"og:image:type\" content=\"image\/jpeg\" \/>\n<meta name=\"twitter:card\" content=\"summary_large_image\" \/>\n<meta name=\"twitter:label1\" content=\"Est. reading time\" \/>\n\t<meta name=\"twitter:data1\" content=\"2 minutes\" \/>\n<script type=\"application\/ld+json\" class=\"yoast-schema-graph\">{\"@context\":\"https:\\\/\\\/schema.org\",\"@graph\":[{\"@type\":\"WebPage\",\"@id\":\"https:\\\/\\\/widjeskogahlman.se\\\/start\\\/\",\"url\":\"https:\\\/\\\/widjeskogahlman.se\\\/start\\\/\",\"name\":\"Ett enklare liv med skogens mystik. - Theresa W. Ahlman\",\"isPartOf\":{\"@id\":\"https:\\\/\\\/widjeskogahlman.se\\\/#website\"},\"primaryImageOfPage\":{\"@id\":\"https:\\\/\\\/widjeskogahlman.se\\\/start\\\/#primaryimage\"},\"image\":{\"@id\":\"https:\\\/\\\/widjeskogahlman.se\\\/start\\\/#primaryimage\"},\"thumbnailUrl\":\"https:\\\/\\\/widjeskogahlman.se\\\/wp-content\\\/uploads\\\/2025\\\/05\\\/IMG_5858-1024x1024.jpeg\",\"datePublished\":\"2022-09-09T22:00:24+00:00\",\"dateModified\":\"2026-03-12T14:48:49+00:00\",\"description\":\"Jag \u00e4r sl\u00f6jdare, konstn\u00e4r & kreativ alkemist, och bor off grid i en stuga i skogen med min man.. Skogens mystik ger mig inspiration & lust.\",\"breadcrumb\":{\"@id\":\"https:\\\/\\\/widjeskogahlman.se\\\/start\\\/#breadcrumb\"},\"inLanguage\":\"en-US\",\"potentialAction\":[{\"@type\":\"ReadAction\",\"target\":[\"https:\\\/\\\/widjeskogahlman.se\\\/start\\\/\"]}]},{\"@type\":\"ImageObject\",\"inLanguage\":\"en-US\",\"@id\":\"https:\\\/\\\/widjeskogahlman.se\\\/start\\\/#primaryimage\",\"url\":\"https:\\\/\\\/widjeskogahlman.se\\\/wp-content\\\/uploads\\\/2025\\\/05\\\/IMG_5858-1024x1024.jpeg\",\"contentUrl\":\"https:\\\/\\\/widjeskogahlman.se\\\/wp-content\\\/uploads\\\/2025\\\/05\\\/IMG_5858-1024x1024.jpeg\"},{\"@type\":\"BreadcrumbList\",\"@id\":\"https:\\\/\\\/widjeskogahlman.se\\\/start\\\/#breadcrumb\",\"itemListElement\":[{\"@type\":\"ListItem\",\"position\":1,\"name\":\"Hem\",\"item\":\"https:\\\/\\\/widjeskogahlman.se\\\/\"},{\"@type\":\"ListItem\",\"position\":2,\"name\":\"Ett enklare liv med skogens mystik.\"}]},{\"@type\":\"WebSite\",\"@id\":\"https:\\\/\\\/widjeskogahlman.se\\\/#website\",\"url\":\"https:\\\/\\\/widjeskogahlman.se\\\/\",\"name\":\"Theresa W. Ahlman\",\"description\":\"Simple living i hj\u00e4rtat av V\u00e4rmland\",\"publisher\":{\"@id\":\"https:\\\/\\\/widjeskogahlman.se\\\/#organization\"},\"potentialAction\":[{\"@type\":\"SearchAction\",\"target\":{\"@type\":\"EntryPoint\",\"urlTemplate\":\"https:\\\/\\\/widjeskogahlman.se\\\/?s={search_term_string}\"},\"query-input\":{\"@type\":\"PropertyValueSpecification\",\"valueRequired\":true,\"valueName\":\"search_term_string\"}}],\"inLanguage\":\"en-US\"},{\"@type\":\"Organization\",\"@id\":\"https:\\\/\\\/widjeskogahlman.se\\\/#organization\",\"name\":\"Theresa W. Ahlman\",\"url\":\"https:\\\/\\\/widjeskogahlman.se\\\/\",\"logo\":{\"@type\":\"ImageObject\",\"inLanguage\":\"en-US\",\"@id\":\"https:\\\/\\\/widjeskogahlman.se\\\/#\\\/schema\\\/logo\\\/image\\\/\",\"url\":\"https:\\\/\\\/widjeskogahlman.se\\\/wp-content\\\/uploads\\\/2024\\\/02\\\/cropped-twa-2-1.png\",\"contentUrl\":\"https:\\\/\\\/widjeskogahlman.se\\\/wp-content\\\/uploads\\\/2024\\\/02\\\/cropped-twa-2-1.png\",\"width\":500,\"height\":500,\"caption\":\"Theresa W. Ahlman\"},\"image\":{\"@id\":\"https:\\\/\\\/widjeskogahlman.se\\\/#\\\/schema\\\/logo\\\/image\\\/\"}}]}<\/script>\n<!-- \/ Yoast SEO plugin. -->","yoast_head_json":{"title":"Ett enklare liv med skogens mystik. - Theresa W. Ahlman","description":"Jag \u00e4r sl\u00f6jdare, konstn\u00e4r & kreativ alkemist, och bor off grid i en stuga i skogen med min man.. Skogens mystik ger mig inspiration & lust.","robots":{"index":"index","follow":"follow","max-snippet":"max-snippet:-1","max-image-preview":"max-image-preview:large","max-video-preview":"max-video-preview:-1"},"canonical":"https:\/\/widjeskogahlman.se\/en\/start\/","og_locale":"en_US","og_type":"article","og_title":"Ett enklare liv med skogens mystik. - Theresa W. Ahlman","og_description":"Jag \u00e4r sl\u00f6jdare, konstn\u00e4r & kreativ alkemist, och bor off grid i en stuga i skogen med min man.. Skogens mystik ger mig inspiration & lust.","og_url":"https:\/\/widjeskogahlman.se\/en\/start\/","og_site_name":"Theresa W. Ahlman","article_modified_time":"2026-03-12T14:48:49+00:00","og_image":[{"width":2560,"height":2560,"url":"https:\/\/widjeskogahlman.se\/wp-content\/uploads\/2025\/05\/IMG_5858-scaled.jpeg","type":"image\/jpeg"}],"twitter_card":"summary_large_image","twitter_misc":{"Est. reading time":"2 minutes"},"schema":{"@context":"https:\/\/schema.org","@graph":[{"@type":"WebPage","@id":"https:\/\/widjeskogahlman.se\/start\/","url":"https:\/\/widjeskogahlman.se\/start\/","name":"Ett enklare liv med skogens mystik. - Theresa W. Ahlman","isPartOf":{"@id":"https:\/\/widjeskogahlman.se\/#website"},"primaryImageOfPage":{"@id":"https:\/\/widjeskogahlman.se\/start\/#primaryimage"},"image":{"@id":"https:\/\/widjeskogahlman.se\/start\/#primaryimage"},"thumbnailUrl":"https:\/\/widjeskogahlman.se\/wp-content\/uploads\/2025\/05\/IMG_5858-1024x1024.jpeg","datePublished":"2022-09-09T22:00:24+00:00","dateModified":"2026-03-12T14:48:49+00:00","description":"Jag \u00e4r sl\u00f6jdare, konstn\u00e4r & kreativ alkemist, och bor off grid i en stuga i skogen med min man.. Skogens mystik ger mig inspiration & lust.","breadcrumb":{"@id":"https:\/\/widjeskogahlman.se\/start\/#breadcrumb"},"inLanguage":"en-US","potentialAction":[{"@type":"ReadAction","target":["https:\/\/widjeskogahlman.se\/start\/"]}]},{"@type":"ImageObject","inLanguage":"en-US","@id":"https:\/\/widjeskogahlman.se\/start\/#primaryimage","url":"https:\/\/widjeskogahlman.se\/wp-content\/uploads\/2025\/05\/IMG_5858-1024x1024.jpeg","contentUrl":"https:\/\/widjeskogahlman.se\/wp-content\/uploads\/2025\/05\/IMG_5858-1024x1024.jpeg"},{"@type":"BreadcrumbList","@id":"https:\/\/widjeskogahlman.se\/start\/#breadcrumb","itemListElement":[{"@type":"ListItem","position":1,"name":"Hem","item":"https:\/\/widjeskogahlman.se\/"},{"@type":"ListItem","position":2,"name":"Ett enklare liv med skogens mystik."}]},{"@type":"WebSite","@id":"https:\/\/widjeskogahlman.se\/#website","url":"https:\/\/widjeskogahlman.se\/","name":"Theresa W. Ahlman","description":"Simple living i hj\u00e4rtat av V\u00e4rmland","publisher":{"@id":"https:\/\/widjeskogahlman.se\/#organization"},"potentialAction":[{"@type":"SearchAction","target":{"@type":"EntryPoint","urlTemplate":"https:\/\/widjeskogahlman.se\/?s={search_term_string}"},"query-input":{"@type":"PropertyValueSpecification","valueRequired":true,"valueName":"search_term_string"}}],"inLanguage":"en-US"},{"@type":"Organization","@id":"https:\/\/widjeskogahlman.se\/#organization","name":"Theresa W. Ahlman","url":"https:\/\/widjeskogahlman.se\/","logo":{"@type":"ImageObject","inLanguage":"en-US","@id":"https:\/\/widjeskogahlman.se\/#\/schema\/logo\/image\/","url":"https:\/\/widjeskogahlman.se\/wp-content\/uploads\/2024\/02\/cropped-twa-2-1.png","contentUrl":"https:\/\/widjeskogahlman.se\/wp-content\/uploads\/2024\/02\/cropped-twa-2-1.png","width":500,"height":500,"caption":"Theresa W. Ahlman"},"image":{"@id":"https:\/\/widjeskogahlman.se\/#\/schema\/logo\/image\/"}}]}},"_links":{"self":[{"href":"https:\/\/widjeskogahlman.se\/en\/wp-json\/wp\/v2\/pages\/6","targetHints":{"allow":["GET"]}}],"collection":[{"href":"https:\/\/widjeskogahlman.se\/en\/wp-json\/wp\/v2\/pages"}],"about":[{"href":"https:\/\/widjeskogahlman.se\/en\/wp-json\/wp\/v2\/types\/page"}],"author":[{"embeddable":true,"href":"https:\/\/widjeskogahlman.se\/en\/wp-json\/wp\/v2\/users\/1"}],"replies":[{"embeddable":true,"href":"https:\/\/widjeskogahlman.se\/en\/wp-json\/wp\/v2\/comments?post=6"}],"version-history":[{"count":275,"href":"https:\/\/widjeskogahlman.se\/en\/wp-json\/wp\/v2\/pages\/6\/revisions"}],"predecessor-version":[{"id":6902,"href":"https:\/\/widjeskogahlman.se\/en\/wp-json\/wp\/v2\/pages\/6\/revisions\/6902"}],"wp:attachment":[{"href":"https:\/\/widjeskogahlman.se\/en\/wp-json\/wp\/v2\/media?parent=6"}],"curies":[{"name":"wp","href":"https:\/\/api.w.org\/{rel}","templated":true}]}}