{"id":78,"date":"2022-09-12T11:52:42","date_gmt":"2022-09-12T11:52:42","guid":{"rendered":"https:\/\/widjeskogahlman.se\/?page_id=78"},"modified":"2026-03-12T15:01:00","modified_gmt":"2026-03-12T14:01:00","slug":"om-theresa","status":"publish","type":"page","link":"https:\/\/widjeskogahlman.se\/en\/om-theresa\/","title":{"rendered":"Om Theresa Widjeskog Ahlman"},"content":{"rendered":"<figure class=\"wp-block-image size-large\"><img loading=\"lazy\" decoding=\"async\" width=\"1024\" height=\"584\" src=\"https:\/\/widjeskogahlman.se\/wp-content\/uploads\/2024\/03\/cropped-IMG_2890-scaled-1-1024x584.jpeg\" alt=\"\" class=\"wp-image-6421\" srcset=\"https:\/\/widjeskogahlman.se\/wp-content\/uploads\/2024\/03\/cropped-IMG_2890-scaled-1-1024x584.jpeg 1024w, https:\/\/widjeskogahlman.se\/wp-content\/uploads\/2024\/03\/cropped-IMG_2890-scaled-1-300x171.jpeg 300w, https:\/\/widjeskogahlman.se\/wp-content\/uploads\/2024\/03\/cropped-IMG_2890-scaled-1-768x438.jpeg 768w, https:\/\/widjeskogahlman.se\/wp-content\/uploads\/2024\/03\/cropped-IMG_2890-scaled-1-1536x876.jpeg 1536w, https:\/\/widjeskogahlman.se\/wp-content\/uploads\/2024\/03\/cropped-IMG_2890-scaled-1-18x10.jpeg 18w, https:\/\/widjeskogahlman.se\/wp-content\/uploads\/2024\/03\/cropped-IMG_2890-scaled-1-850x485.jpeg 850w, https:\/\/widjeskogahlman.se\/wp-content\/uploads\/2024\/03\/cropped-IMG_2890-scaled-1.jpeg 1800w\" sizes=\"auto, (max-width: 1024px) 100vw, 1024px\" \/><\/figure>\n\n\n\n<p>Jag heter Theresa och \u00e4r sl\u00f6jdare &amp; konstn\u00e4r med passion f\u00f6r det enkla och h\u00e5llbara livet.<\/p>\n\n\n\n<h3 class=\"wp-block-heading\">Sl\u00f6jdare och \u00e5terbrukare<\/h3>\n\n\n\n<p>Jag \u00e4r en h\u00e4ngiven sl\u00f6jdare och sl\u00f6jdinstrukt\u00f6r, och delar g\u00e4rna med mig av min passion f\u00f6r sl\u00f6jden genom kurser &amp; workshops i olika sl\u00f6jdtekniker f\u00f6r b\u00e5de stora och sm\u00e5.<\/p>\n\n\n\n<p>Min passion f\u00f6r sl\u00f6jden passar bra med den minimalistiska filosofin och gl\u00e4djen i att leva enkelt. Jag kan inte t\u00e4nka mig n\u00e5got mysigare \u00e4n att kura ihop mig i en solstol med en stickning, virkning eller ett broderi. <\/p>\n\n\n\n<p>Jag f\u00e5r en kick av att kunna \u00e5terbruka ett material som en g\u00e5ng var n\u00e5got annat. P\u00e5 det s\u00e4ttet kan ett gammalt \u00f6rngott eller en filt f\u00e5 ett nytt liv som bokomslag eller tr\u00f6ja!<\/p>\n\n\n\n<p>I min konst sysslar jag med en rad olika konstuttryck, men mitt huvudsakliga uttryck \u00e4r frivirkning, en teknik som g\u00e5r ut p\u00e5 att virka utan m\u00f6nster. Jag \u00e4lskar att virka bokst\u00e4ver, fria former, skulpturer etc.<\/p>\n\n\n\n<figure class=\"wp-block-image size-large\"><img loading=\"lazy\" decoding=\"async\" width=\"1024\" height=\"707\" src=\"https:\/\/widjeskogahlman.se\/wp-content\/uploads\/2025\/05\/IMG_8308-1024x707.jpeg\" alt=\"\" class=\"wp-image-6608\" srcset=\"https:\/\/widjeskogahlman.se\/wp-content\/uploads\/2025\/05\/IMG_8308-1024x707.jpeg 1024w, https:\/\/widjeskogahlman.se\/wp-content\/uploads\/2025\/05\/IMG_8308-300x207.jpeg 300w, https:\/\/widjeskogahlman.se\/wp-content\/uploads\/2025\/05\/IMG_8308-768x530.jpeg 768w, https:\/\/widjeskogahlman.se\/wp-content\/uploads\/2025\/05\/IMG_8308-1536x1060.jpeg 1536w, https:\/\/widjeskogahlman.se\/wp-content\/uploads\/2025\/05\/IMG_8308-2048x1413.jpeg 2048w, https:\/\/widjeskogahlman.se\/wp-content\/uploads\/2025\/05\/IMG_8308-18x12.jpeg 18w, https:\/\/widjeskogahlman.se\/wp-content\/uploads\/2025\/05\/IMG_8308-850x587.jpeg 850w\" sizes=\"auto, (max-width: 1024px) 100vw, 1024px\" \/><\/figure>\n\n\n\n<hr class=\"wp-block-separator has-alpha-channel-opacity\"\/>\n\n\n\n<h3 class=\"wp-block-heading\">MInimalism &amp; Simple living: the joy of simplicity.<\/h3>\n\n\n\n<p><strong>I call myself a minimalist and I love the minimalistic philosophy. <\/strong>Den g\u00e5r ut p\u00e5 att t\u00e4nka kvalitet framf\u00f6r kvantitet, att konsumera med intention och regelbundet se \u00f6ver vad man kan rensa ut i sitt liv f\u00f6r att frig\u00f6ra tid, utrymme och energi till s\u00e5dant som \u00e4r viktigt i livet. <\/p>\n\n\n\n<p>F\u00f6r mig \u00e4r konsten det som ger mig frid i sinnet och lugn i tillvaron. Om jag inte har s\u00e5 mycket annat som st\u00f6r, kan jag \u00e4gna mig helhj\u00e4rtat \u00e5t konsten utan risk att bli distraherad av en massa annat.<\/p>\n\n\n\n<figure class=\"wp-block-image size-large\"><img loading=\"lazy\" decoding=\"async\" width=\"1024\" height=\"683\" src=\"https:\/\/widjeskogahlman.se\/wp-content\/uploads\/2025\/01\/IMG_5593-1024x683.jpeg\" alt=\"\" class=\"wp-image-6551\" srcset=\"https:\/\/widjeskogahlman.se\/wp-content\/uploads\/2025\/01\/IMG_5593-1024x683.jpeg 1024w, https:\/\/widjeskogahlman.se\/wp-content\/uploads\/2025\/01\/IMG_5593-300x200.jpeg 300w, https:\/\/widjeskogahlman.se\/wp-content\/uploads\/2025\/01\/IMG_5593-768x512.jpeg 768w, https:\/\/widjeskogahlman.se\/wp-content\/uploads\/2025\/01\/IMG_5593-1536x1024.jpeg 1536w, https:\/\/widjeskogahlman.se\/wp-content\/uploads\/2025\/01\/IMG_5593-18x12.jpeg 18w, https:\/\/widjeskogahlman.se\/wp-content\/uploads\/2025\/01\/IMG_5593-850x567.jpeg 850w, https:\/\/widjeskogahlman.se\/wp-content\/uploads\/2025\/01\/IMG_5593.jpeg 1920w\" sizes=\"auto, (max-width: 1024px) 100vw, 1024px\" \/><\/figure>\n\n\n\n<h3 class=\"wp-block-heading\">Cottage &amp; off grid living<\/h3>\n\n\n\n<p>2024 k\u00f6pte jag och min man ett torp, och sommaren 2025 flyttade vi ut f\u00f6r att b\u00f6rja leva ett enklare liv off grid med odling och projekt vid sidan av v\u00e5ra arbeten. Planen \u00e4r att \u00e4ven i den h\u00e4r bloggen ta med dig p\u00e5 resan d\u00e4r vi lever ett enkelt men rikt liv i ett litet torp, med odling, sl\u00f6jd, konst och p\u00e5 sikt dr\u00f6mmen om ett sj\u00e4lvhush\u00e5ll.<\/p>\n\n\n<div class=\"wp-block-image\">\n<figure class=\"alignleft size-large is-resized\"><img loading=\"lazy\" decoding=\"async\" width=\"768\" height=\"1024\" src=\"https:\/\/widjeskogahlman.se\/wp-content\/uploads\/2025\/01\/Vedspisen-768x1024.jpg\" alt=\"\" class=\"wp-image-6552\" style=\"width:742px;height:auto\" srcset=\"https:\/\/widjeskogahlman.se\/wp-content\/uploads\/2025\/01\/Vedspisen-768x1024.jpg 768w, https:\/\/widjeskogahlman.se\/wp-content\/uploads\/2025\/01\/Vedspisen-225x300.jpg 225w, https:\/\/widjeskogahlman.se\/wp-content\/uploads\/2025\/01\/Vedspisen-1152x1536.jpg 1152w, https:\/\/widjeskogahlman.se\/wp-content\/uploads\/2025\/01\/Vedspisen-1536x2048.jpg 1536w, https:\/\/widjeskogahlman.se\/wp-content\/uploads\/2025\/01\/Vedspisen-9x12.jpg 9w, https:\/\/widjeskogahlman.se\/wp-content\/uploads\/2025\/01\/Vedspisen-300x400.jpg 300w, https:\/\/widjeskogahlman.se\/wp-content\/uploads\/2025\/01\/Vedspisen-850x1133.jpg 850w, https:\/\/widjeskogahlman.se\/wp-content\/uploads\/2025\/01\/Vedspisen-scaled.jpg 1920w\" sizes=\"auto, (max-width: 768px) 100vw, 768px\" \/><\/figure>\n<\/div>","protected":false},"excerpt":{"rendered":"<p>Jag heter Theresa och \u00e4r sl\u00f6jdare &amp; konstn\u00e4r med passion f\u00f6r det enkla och h\u00e5llbara livet. Sl\u00f6jdare och \u00e5terbrukare Jag \u00e4r en h\u00e4ngiven sl\u00f6jdare och sl\u00f6jdinstrukt\u00f6r, och delar g\u00e4rna med mig av min passion f\u00f6r sl\u00f6jden genom kurser &amp; workshops i olika sl\u00f6jdtekniker f\u00f6r b\u00e5de stora och sm\u00e5. Min passion&#8230;<\/p>","protected":false},"author":1,"featured_media":0,"parent":0,"menu_order":0,"comment_status":"closed","ping_status":"closed","template":"","meta":{"footnotes":""},"class_list":["post-78","page","type-page","status-publish","hentry"],"yoast_head":"<!-- This site is optimized with the Yoast SEO plugin v27.4 - https:\/\/yoast.com\/product\/yoast-seo-wordpress\/ -->\n<title>Om Theresa Widjeskog Ahlman - Theresa W. Ahlman<\/title>\n<meta name=\"description\" content=\"Jag \u00e4r konstn\u00e4r, ordningskonsult och minimalist. Jag hj\u00e4lper dig att rensa, sortera och organisera dina saker s\u00e5 du kan f\u00e5 tid till annat.\" \/>\n<meta name=\"robots\" content=\"index, follow, max-snippet:-1, max-image-preview:large, max-video-preview:-1\" \/>\n<link rel=\"canonical\" href=\"https:\/\/widjeskogahlman.se\/en\/om-theresa\/\" \/>\n<meta property=\"og:locale\" content=\"en_US\" \/>\n<meta property=\"og:type\" content=\"article\" \/>\n<meta property=\"og:title\" content=\"Om Theresa Widjeskog Ahlman - Theresa W. Ahlman\" \/>\n<meta property=\"og:description\" content=\"Jag \u00e4r konstn\u00e4r, ordningskonsult och minimalist. Jag hj\u00e4lper dig att rensa, sortera och organisera dina saker s\u00e5 du kan f\u00e5 tid till annat.\" \/>\n<meta property=\"og:url\" content=\"https:\/\/widjeskogahlman.se\/en\/om-theresa\/\" \/>\n<meta property=\"og:site_name\" content=\"Theresa W. Ahlman\" \/>\n<meta property=\"article:modified_time\" content=\"2026-03-12T14:01:00+00:00\" \/>\n<meta property=\"og:image\" content=\"https:\/\/widjeskogahlman.se\/wp-content\/uploads\/2024\/03\/cropped-IMG_2890-scaled-1.jpeg\" \/>\n\t<meta property=\"og:image:width\" content=\"1800\" \/>\n\t<meta property=\"og:image:height\" content=\"1026\" \/>\n\t<meta property=\"og:image:type\" content=\"image\/jpeg\" \/>\n<meta name=\"twitter:card\" content=\"summary_large_image\" \/>\n<meta name=\"twitter:label1\" content=\"Est. reading time\" \/>\n\t<meta name=\"twitter:data1\" content=\"3 minutes\" \/>\n<script type=\"application\/ld+json\" class=\"yoast-schema-graph\">{\"@context\":\"https:\\\/\\\/schema.org\",\"@graph\":[{\"@type\":\"WebPage\",\"@id\":\"https:\\\/\\\/widjeskogahlman.se\\\/om-theresa\\\/\",\"url\":\"https:\\\/\\\/widjeskogahlman.se\\\/om-theresa\\\/\",\"name\":\"Om Theresa Widjeskog Ahlman - Theresa W. Ahlman\",\"isPartOf\":{\"@id\":\"https:\\\/\\\/widjeskogahlman.se\\\/#website\"},\"primaryImageOfPage\":{\"@id\":\"https:\\\/\\\/widjeskogahlman.se\\\/om-theresa\\\/#primaryimage\"},\"image\":{\"@id\":\"https:\\\/\\\/widjeskogahlman.se\\\/om-theresa\\\/#primaryimage\"},\"thumbnailUrl\":\"https:\\\/\\\/widjeskogahlman.se\\\/wp-content\\\/uploads\\\/2024\\\/03\\\/cropped-IMG_2890-scaled-1-1024x584.jpeg\",\"datePublished\":\"2022-09-12T11:52:42+00:00\",\"dateModified\":\"2026-03-12T14:01:00+00:00\",\"description\":\"Jag \u00e4r konstn\u00e4r, ordningskonsult och minimalist. Jag hj\u00e4lper dig att rensa, sortera och organisera dina saker s\u00e5 du kan f\u00e5 tid till annat.\",\"breadcrumb\":{\"@id\":\"https:\\\/\\\/widjeskogahlman.se\\\/om-theresa\\\/#breadcrumb\"},\"inLanguage\":\"en-US\",\"potentialAction\":[{\"@type\":\"ReadAction\",\"target\":[\"https:\\\/\\\/widjeskogahlman.se\\\/om-theresa\\\/\"]}]},{\"@type\":\"ImageObject\",\"inLanguage\":\"en-US\",\"@id\":\"https:\\\/\\\/widjeskogahlman.se\\\/om-theresa\\\/#primaryimage\",\"url\":\"https:\\\/\\\/widjeskogahlman.se\\\/wp-content\\\/uploads\\\/2024\\\/03\\\/cropped-IMG_2890-scaled-1-1024x584.jpeg\",\"contentUrl\":\"https:\\\/\\\/widjeskogahlman.se\\\/wp-content\\\/uploads\\\/2024\\\/03\\\/cropped-IMG_2890-scaled-1-1024x584.jpeg\"},{\"@type\":\"BreadcrumbList\",\"@id\":\"https:\\\/\\\/widjeskogahlman.se\\\/om-theresa\\\/#breadcrumb\",\"itemListElement\":[{\"@type\":\"ListItem\",\"position\":1,\"name\":\"Hem\",\"item\":\"https:\\\/\\\/widjeskogahlman.se\\\/\"},{\"@type\":\"ListItem\",\"position\":2,\"name\":\"Om Theresa Widjeskog Ahlman\"}]},{\"@type\":\"WebSite\",\"@id\":\"https:\\\/\\\/widjeskogahlman.se\\\/#website\",\"url\":\"https:\\\/\\\/widjeskogahlman.se\\\/\",\"name\":\"Theresa W. Ahlman\",\"description\":\"Simple living i hj\u00e4rtat av V\u00e4rmland\",\"publisher\":{\"@id\":\"https:\\\/\\\/widjeskogahlman.se\\\/#organization\"},\"potentialAction\":[{\"@type\":\"SearchAction\",\"target\":{\"@type\":\"EntryPoint\",\"urlTemplate\":\"https:\\\/\\\/widjeskogahlman.se\\\/?s={search_term_string}\"},\"query-input\":{\"@type\":\"PropertyValueSpecification\",\"valueRequired\":true,\"valueName\":\"search_term_string\"}}],\"inLanguage\":\"en-US\"},{\"@type\":\"Organization\",\"@id\":\"https:\\\/\\\/widjeskogahlman.se\\\/#organization\",\"name\":\"Theresa W. Ahlman\",\"url\":\"https:\\\/\\\/widjeskogahlman.se\\\/\",\"logo\":{\"@type\":\"ImageObject\",\"inLanguage\":\"en-US\",\"@id\":\"https:\\\/\\\/widjeskogahlman.se\\\/#\\\/schema\\\/logo\\\/image\\\/\",\"url\":\"https:\\\/\\\/widjeskogahlman.se\\\/wp-content\\\/uploads\\\/2024\\\/02\\\/cropped-twa-2-1.png\",\"contentUrl\":\"https:\\\/\\\/widjeskogahlman.se\\\/wp-content\\\/uploads\\\/2024\\\/02\\\/cropped-twa-2-1.png\",\"width\":500,\"height\":500,\"caption\":\"Theresa W. Ahlman\"},\"image\":{\"@id\":\"https:\\\/\\\/widjeskogahlman.se\\\/#\\\/schema\\\/logo\\\/image\\\/\"}}]}<\/script>\n<!-- \/ Yoast SEO plugin. -->","yoast_head_json":{"title":"Om Theresa Widjeskog Ahlman - Theresa W. Ahlman","description":"Jag \u00e4r konstn\u00e4r, ordningskonsult och minimalist. Jag hj\u00e4lper dig att rensa, sortera och organisera dina saker s\u00e5 du kan f\u00e5 tid till annat.","robots":{"index":"index","follow":"follow","max-snippet":"max-snippet:-1","max-image-preview":"max-image-preview:large","max-video-preview":"max-video-preview:-1"},"canonical":"https:\/\/widjeskogahlman.se\/en\/om-theresa\/","og_locale":"en_US","og_type":"article","og_title":"Om Theresa Widjeskog Ahlman - Theresa W. Ahlman","og_description":"Jag \u00e4r konstn\u00e4r, ordningskonsult och minimalist. Jag hj\u00e4lper dig att rensa, sortera och organisera dina saker s\u00e5 du kan f\u00e5 tid till annat.","og_url":"https:\/\/widjeskogahlman.se\/en\/om-theresa\/","og_site_name":"Theresa W. Ahlman","article_modified_time":"2026-03-12T14:01:00+00:00","og_image":[{"width":1800,"height":1026,"url":"https:\/\/widjeskogahlman.se\/wp-content\/uploads\/2024\/03\/cropped-IMG_2890-scaled-1.jpeg","type":"image\/jpeg"}],"twitter_card":"summary_large_image","twitter_misc":{"Est. reading time":"3 minutes"},"schema":{"@context":"https:\/\/schema.org","@graph":[{"@type":"WebPage","@id":"https:\/\/widjeskogahlman.se\/om-theresa\/","url":"https:\/\/widjeskogahlman.se\/om-theresa\/","name":"Om Theresa Widjeskog Ahlman - Theresa W. Ahlman","isPartOf":{"@id":"https:\/\/widjeskogahlman.se\/#website"},"primaryImageOfPage":{"@id":"https:\/\/widjeskogahlman.se\/om-theresa\/#primaryimage"},"image":{"@id":"https:\/\/widjeskogahlman.se\/om-theresa\/#primaryimage"},"thumbnailUrl":"https:\/\/widjeskogahlman.se\/wp-content\/uploads\/2024\/03\/cropped-IMG_2890-scaled-1-1024x584.jpeg","datePublished":"2022-09-12T11:52:42+00:00","dateModified":"2026-03-12T14:01:00+00:00","description":"Jag \u00e4r konstn\u00e4r, ordningskonsult och minimalist. Jag hj\u00e4lper dig att rensa, sortera och organisera dina saker s\u00e5 du kan f\u00e5 tid till annat.","breadcrumb":{"@id":"https:\/\/widjeskogahlman.se\/om-theresa\/#breadcrumb"},"inLanguage":"en-US","potentialAction":[{"@type":"ReadAction","target":["https:\/\/widjeskogahlman.se\/om-theresa\/"]}]},{"@type":"ImageObject","inLanguage":"en-US","@id":"https:\/\/widjeskogahlman.se\/om-theresa\/#primaryimage","url":"https:\/\/widjeskogahlman.se\/wp-content\/uploads\/2024\/03\/cropped-IMG_2890-scaled-1-1024x584.jpeg","contentUrl":"https:\/\/widjeskogahlman.se\/wp-content\/uploads\/2024\/03\/cropped-IMG_2890-scaled-1-1024x584.jpeg"},{"@type":"BreadcrumbList","@id":"https:\/\/widjeskogahlman.se\/om-theresa\/#breadcrumb","itemListElement":[{"@type":"ListItem","position":1,"name":"Hem","item":"https:\/\/widjeskogahlman.se\/"},{"@type":"ListItem","position":2,"name":"Om Theresa Widjeskog Ahlman"}]},{"@type":"WebSite","@id":"https:\/\/widjeskogahlman.se\/#website","url":"https:\/\/widjeskogahlman.se\/","name":"Theresa W. Ahlman","description":"Simple living i hj\u00e4rtat av V\u00e4rmland","publisher":{"@id":"https:\/\/widjeskogahlman.se\/#organization"},"potentialAction":[{"@type":"SearchAction","target":{"@type":"EntryPoint","urlTemplate":"https:\/\/widjeskogahlman.se\/?s={search_term_string}"},"query-input":{"@type":"PropertyValueSpecification","valueRequired":true,"valueName":"search_term_string"}}],"inLanguage":"en-US"},{"@type":"Organization","@id":"https:\/\/widjeskogahlman.se\/#organization","name":"Theresa W. Ahlman","url":"https:\/\/widjeskogahlman.se\/","logo":{"@type":"ImageObject","inLanguage":"en-US","@id":"https:\/\/widjeskogahlman.se\/#\/schema\/logo\/image\/","url":"https:\/\/widjeskogahlman.se\/wp-content\/uploads\/2024\/02\/cropped-twa-2-1.png","contentUrl":"https:\/\/widjeskogahlman.se\/wp-content\/uploads\/2024\/02\/cropped-twa-2-1.png","width":500,"height":500,"caption":"Theresa W. Ahlman"},"image":{"@id":"https:\/\/widjeskogahlman.se\/#\/schema\/logo\/image\/"}}]}},"_links":{"self":[{"href":"https:\/\/widjeskogahlman.se\/en\/wp-json\/wp\/v2\/pages\/78","targetHints":{"allow":["GET"]}}],"collection":[{"href":"https:\/\/widjeskogahlman.se\/en\/wp-json\/wp\/v2\/pages"}],"about":[{"href":"https:\/\/widjeskogahlman.se\/en\/wp-json\/wp\/v2\/types\/page"}],"author":[{"embeddable":true,"href":"https:\/\/widjeskogahlman.se\/en\/wp-json\/wp\/v2\/users\/1"}],"replies":[{"embeddable":true,"href":"https:\/\/widjeskogahlman.se\/en\/wp-json\/wp\/v2\/comments?post=78"}],"version-history":[{"count":56,"href":"https:\/\/widjeskogahlman.se\/en\/wp-json\/wp\/v2\/pages\/78\/revisions"}],"predecessor-version":[{"id":6886,"href":"https:\/\/widjeskogahlman.se\/en\/wp-json\/wp\/v2\/pages\/78\/revisions\/6886"}],"wp:attachment":[{"href":"https:\/\/widjeskogahlman.se\/en\/wp-json\/wp\/v2\/media?parent=78"}],"curies":[{"name":"wp","href":"https:\/\/api.w.org\/{rel}","templated":true}]}}